{"id":344,"date":"2025-08-03T18:26:28","date_gmt":"2025-08-03T18:26:28","guid":{"rendered":"https:\/\/lluisrd.com\/TIC\/?page_id=344"},"modified":"2025-08-28T14:29:35","modified_gmt":"2025-08-28T14:29:35","slug":"decaleg-de-la-ia","status":"publish","type":"page","link":"https:\/\/lluisrd.com\/TIC\/decaleg-de-la-ia\/","title":{"rendered":"<!--:ca-->Dec\u00e0leg de la IA<!--:--><!--:es-->Dec\u00e1logo de la IA<!--:--><!--:en-->AI Decalogue<!--:-->"},"content":{"rendered":"<p><!--:ca--><span style=\"display: inline-block; width: 0px; overflow: hidden; line-height: 0;\" data-mce-type=\"bookmark\" class=\"mce_SELRES_start\">\ufeff<\/span><\/p>\n<p>Com utilitzar la IA sense caure en el parany de la mandra i tenir-la com un poder\u00f3s aliat: Dec\u00e0leg per a un \u00fas responsable de la IA<\/p>\n<p>1. \u00das responsable i \u00e8tic<br \/>\nUtilitza les eines d\u2019Intel\u00b7lig\u00e8ncia Artificial (IA) per aprendre i millorar, no per enganyar o copiar. Recorda que la IA \u00e9s una ajuda, no una substituci\u00f3 del teu esfor\u00e7.  <\/p>\n<p>2. Verifica la informaci\u00f3<br \/>\nLa IA pot cometre errors o donar dades inexactes. Contrasta sempre la informaci\u00f3 amb fonts fiables ( Moodle de l\u2019escola, llibres, professors, p\u00e0gines web oficials I fiables).  <\/p>\n<p>3. No la utilitzis per copiar<br \/>\nL&#8217;\u00fas de la IA per a generar treballs sencers sense cap aportaci\u00f3 teva \u00e9s una forma de plagi. Que no et guanyi la mandra.  El teu aprenentatge i formaci\u00f3 \u00e9s m\u00e9s important.<\/p>\n<p>4. Protegeix la teva privacitat i dades personals<br \/>\nNo comparteixis informaci\u00f3 personal, contrasenyes o dades sensibles amb les eines d\u2019IA. Recorda que totes les plataformes poden emmagatzemar les teves converses, aix\u00ed que sigues prudent amb el que comparteixes.<\/p>\n<p>5. Fomenta la teva creativitat personal<br \/>\nUtilitza la IA per inspirar-te o generar idees inicials, per\u00f2 desenvolupa sempre les teves pr\u00f2pies creacions.  La creativitat humana \u00e9s \u00fanica i irreempla\u00e7able, aix\u00ed que entrena-la, cultiva-la i valora-la. No deixis que la mandra et guanyi.<\/p>\n<p>6. Fomenta el pensament cr\u00edtic<br \/>\nNo acceptis tot el que diu la IA com a veritat absoluta. Q\u00fcestiona, reflexiona i apr\u00e8n a discernir entre informaci\u00f3 \u00fatil i err\u00f2nia.  <\/p>\n<p>7. Participa activament a classe<br \/>\nLa IA no pot substituir el debat, les preguntes al professor o l\u2019aprenentatge col\u00b7laboratiu. Segueix participant i interactuant amb companys i docents.  <\/p>\n<p>8. Apr\u00e8n a formular bones preguntes<br \/>\nLa qualitat de les respostes de la IA dep\u00e8n molt de com formules les preguntes. Sigues espec\u00edfic, clar i contextualitza les teves consultes. Aquesta habilitat t\u2019ajudar\u00e0 tamb\u00e9 en altres \u00e0mbits de la vida.<\/p>\n<p>9. Utilitza la IA per refor\u00e7ar, no per evitar, l\u2019esfor\u00e7 mental.<br \/>\nEn lloc d\u2019utilitzar la IA per mandra,  per  evitar pensar, fes-la servir per aprofundir en temes que et resultin dif\u00edcils. Demana-li que t\u2019expliqui conceptes de maneres diferents fins que els entenguis completament.<\/p>\n<p>10. Mant\u00e9 un equilibri saludable amb la tecnologia<br \/>\nNo depenguis exclusivament de la IA per estudiar o resoldre problemes. Desenvolupa tamb\u00e9 les teves habilitats sense tecnologia: lectura tradicional, c\u00e0lcul mental<\/p>\n<p>Dec\u00e0leg fet amb l\u2019ajut de les IA de ChatGPT,  Claude,  DeepSeek, Gemini i Copilot<\/p>\n<p>I recorda, si la mandra et pot, i exclusivament et dediques a dependre de les IA per a tot. A la llarga, no ser\u00e0s capa\u00e7 de fer res sense elles. Et convertir\u00e0s en un esclau  de les IA. No haur\u00e0s assolit cap coneixement i et convertir\u00e0s en una persona molt f\u00e0cilment dirigible per altres.<span style=\"display: inline-block; width: 0px; overflow: hidden; line-height: 0;\" data-mce-type=\"bookmark\" class=\"mce_SELRES_start\">\ufeff<\/span><span style=\"display: inline-block; width: 0px; overflow: hidden; line-height: 0;\" data-mce-type=\"bookmark\" class=\"mce_SELRES_start\">\ufeff<\/span><span style=\"display: inline-block; width: 0px; overflow: hidden; line-height: 0;\" data-mce-type=\"bookmark\" class=\"mce_SELRES_start\">\ufeff<\/span><span style=\"display: inline-block; width: 0px; overflow: hidden; line-height: 0;\" data-mce-type=\"bookmark\" class=\"mce_SELRES_start\">\ufeff<\/span><span style=\"display: inline-block; width: 0px; overflow: hidden; line-height: 0;\" data-mce-type=\"bookmark\" class=\"mce_SELRES_start\">\ufeff<\/span><span style=\"display: inline-block; width: 0px; overflow: hidden; line-height: 0;\" data-mce-type=\"bookmark\" class=\"mce_SELRES_start\">\ufeff<\/span><span style=\"display: inline-block; width: 0px; overflow: hidden; line-height: 0;\" data-mce-type=\"bookmark\" class=\"mce_SELRES_start\">\ufeff<\/span><span style=\"display: inline-block; width: 0px; overflow: hidden; line-height: 0;\" data-mce-type=\"bookmark\" class=\"mce_SELRES_start\">\ufeff<\/span><span style=\"display: inline-block; width: 0px; overflow: hidden; line-height: 0;\" data-mce-type=\"bookmark\" class=\"mce_SELRES_start\">\ufeff<\/span><!--:--><!--:es-->Como utilizar la IA sin caer en la trampa de la pereza y tenerla como un poderoso aliado: Dec\u00e1logo para un uso responsable de la IA<\/p>\n<p>1. Uso responsable y \u00e9tico<br \/>\nUtiliza las herramientas de Inteligencia Artificial (IA) para aprender y mejorar, no para enga\u00f1ar o copiar. Recuerda que la IA es una ayuda, no una sustituci\u00f3n de tu esfuerzo.  <\/p>\n<p>2. Verifica la informaci\u00f3n<br \/>\nLa IA puede cometer errores o dar datos inexactos. Contrasta siempre la informaci\u00f3n con fuentes fiables ( Moodle de la escuela, libros, profesores, p\u00e1ginas web oficiales y fiables).  <\/p>\n<p>3. No la utilices para copiar<br \/>\nEl uso de la IA para generar trabajos enteros sin ninguna aportaci\u00f3n tuya es una forma de plagio. Que no te gane la pereza.  Tu aprendizaje y formaci\u00f3n es m\u00e1s importante.<\/p>\n<p>4. Protege tu privacidad y datos personales<br \/>\nNo compartas informaci\u00f3n personal, contrase\u00f1as o datos sensibles con las herramientas de IA. Recuerda que todas las plataformas pueden almacenar tus conversaciones, as\u00ed que se prudente con lo que compartes.<\/p>\n<p>5. Fomenta tu creatividad personal<br \/>\nUtiliza la IA para inspirarte o generar ideas iniciales, pero desarrolla siempre tus propias creaciones.  La creatividad humana es \u00fanica e irreemplazable, as\u00ed que entr\u00e9nala, cult\u00edvala y val\u00f3rala. No dejes que la pereza te gane.<\/p>\n<p>6. Fomenta el pensamiento cr\u00edtico<br \/>\nNo aceptes todo lo que dice la IA como verdad absoluta. Cuestiona, reflexiona y aprende a discernir entre informaci\u00f3n \u00fatil y err\u00f3nea.  <\/p>\n<p>7. Participa activamente en clase<br \/>\nLa IA no puede sustituir el debate, las preguntas al profesor o el aprendizaje colaborativo. Sigue participando e interactuando con compa\u00f1eros y profesores.  <\/p>\n<p>8. Aprende a formular buenas preguntas<br \/>\nLa calidad de las respuestas de la IA depende mucho de c\u00f3mo formulas las preguntas. Se espec\u00edfico, claro y contextualiza tus consultas. Esta habilidad te ayudar\u00e1 tambi\u00e9n en otros \u00e1mbitos de la vida.<\/p>\n<p>9. Utiliza la IA para reforzar, no para evitar, el esfuerzo mental.<br \/>\nEn lugar de utilizar la IA por pereza, para evitar pensar, usarla para profundizar en temas que te resulten dif\u00edciles. P\u00eddele que te explique conceptos de maneras diferentes hasta que los entiendas completamente.<\/p>\n<p>10. Mantiene un equilibrio saludable con la tecnolog\u00eda<br \/>\nNo dependas exclusivamente de la IA para estudiar o resolver problemas. Desarrolla tambi\u00e9n tus habilidades sin tecnolog\u00eda: lectura tradicional, c\u00e1lculo mental, escritura a mano y conversaciones presenciales son y ser\u00e1n fundamentales. Y nada de eso podr\u00e1s hacer si caes en la pereza de utilizar exclusivamente la IA y no cultivarte t\u00fa mismo. <\/p>\n<p>Dec\u00e1logo hecho con la ayuda de las IA de ChatGPT, Claude, DeepSeek, Gemini y Copilot<\/p>\n<p>Y recuerda, si la pereza te puede, y exclusivamente te dedicas a depender de las IA para todo. A la larga, no ser\u00e1s capaz de hacer nada sin ellas. Te convertir\u00e1s en un esclavo de las IA. No habr\u00e1s adquirido ning\u00fan conocimiento y te convertir\u00e1s en una persona muy f\u00e1cilmente dirigible por otros.<span style=\"display: inline-block; width: 0px; overflow: hidden; line-height: 0;\" data-mce-type=\"bookmark\" class=\"mce_SELRES_start\">\ufeff<\/span><span style=\"display: inline-block; width: 0px; overflow: hidden; line-height: 0;\" data-mce-type=\"bookmark\" class=\"mce_SELRES_start\">\ufeff<\/span><span style=\"display: inline-block; width: 0px; overflow: hidden; line-height: 0;\" data-mce-type=\"bookmark\" class=\"mce_SELRES_start\">\ufeff<\/span><span style=\"display: inline-block; width: 0px; overflow: hidden; line-height: 0;\" data-mce-type=\"bookmark\" class=\"mce_SELRES_start\">\ufeff<\/span><span style=\"display: inline-block; width: 0px; overflow: hidden; line-height: 0;\" data-mce-type=\"bookmark\" class=\"mce_SELRES_start\">\ufeff<\/span><!--:--><!--:en-->How to use AI without falling into the laziness trap and have it as a powerful ally: Decalogue for Responsible Use of AI<\/p>\n<p>1. Responsible and Ethical Use<br \/>\nUse Artificial Intelligence (AI) tools to learn and improve, not to cheat or copy. Remember that AI is an aid, not a substitute for your efforts.<\/p>\n<p>2. Verify Information<br \/>\nAI can make mistakes or provide inaccurate information. Always compare information with reliable sources (school Moodle, books, teachers, official and reliable websites).<\/p>\n<p>3. Don&#8217;t Use It to Copy<br \/>\nUsing AI to generate entire projects without any input from you is a form of plagiarism. Don&#8217;t let laziness win. Your learning and training are more important.<\/p>\n<p>4. Protect Your Privacy and Personal Data<br \/>\nDo not share personal information, passwords, or sensitive data with AI tools. Remember that all platforms can store your conversations, so be careful with what you share.<\/p>\n<p>5. Foster your personal creativity<br \/>\nUse AI to inspire you or generate initial ideas, but always develop your own creations. Human creativity is unique and irreplaceable, so train, cultivate, and value it. Don&#8217;t let laziness win.<\/p>\n<p>6. Encourage critical thinking<br \/>\nDon&#8217;t accept everything the AI says as absolute truth. Question, reflect, and learn to discern between useful and misleading information.<\/p>\n<p>7. Participate actively in class<br \/>\nAI can&#8217;t replace debate, asking questions to the teacher, or collaborative learning. Continue to participate and interact with classmates and teachers.<\/p>\n<p>8. Learn to ask good questions<br \/>\nThe quality of the AI&#8217;s responses depends greatly on how you ask your questions. Be specific, clear, and contextualize your queries. This skill will also help you in other areas of life.<\/p>\n<p>9. Use AI to reinforce, not avoid, mental effort.<br \/>\nInstead of using AI out of laziness, to avoid thinking, use it to delve deeper into topics you find difficult. Ask it to explain concepts in different ways until you fully understand them.<\/p>\n<p>10. Maintain a healthy balance with technology<br \/>\nDon&#8217;t rely exclusively on AI to study or solve problems. Develop your skills without technology as well: traditional reading, mental arithmetic, handwriting, and face-to-face conversations are and will always be essential. And you won&#8217;t be able to do any of that if you fall into the laziness of using AI exclusively and not cultivating yourself.<\/p>\n<p>Dec\u00e0leg with the AI adjustments of ChatGPT, Claude, DeepSeek, Gemini and Copilot<\/p>\n<p>And remember, if you are lazy and you exclusively depend on AI for everything, in the long run you will not be able to do anything without them. You will become a slave to AI. You will not have gained any knowledge and you will become a person who is very easily controlled by others.<span style=\"display: inline-block; width: 0px; overflow: hidden; line-height: 0;\" data-mce-type=\"bookmark\" class=\"mce_SELRES_start\">\ufeff<\/span><span style=\"display: inline-block; width: 0px; overflow: hidden; line-height: 0;\" data-mce-type=\"bookmark\" class=\"mce_SELRES_start\">\ufeff<\/span><span style=\"display: inline-block; width: 0px; overflow: hidden; line-height: 0;\" data-mce-type=\"bookmark\" class=\"mce_SELRES_start\">\ufeff<\/span><span style=\"display: inline-block; width: 0px; overflow: hidden; line-height: 0;\" data-mce-type=\"bookmark\" class=\"mce_SELRES_start\">\ufeff<\/span><span style=\"display: inline-block; width: 0px; overflow: hidden; line-height: 0;\" data-mce-type=\"bookmark\" class=\"mce_SELRES_start\">\ufeff<\/span><!--:--><\/p>\n","protected":false},"excerpt":{"rendered":"<p>\ufeff Com utilitzar la IA sense caure en el parany de la mandra i tenir-la com un poder\u00f3s aliat: Dec\u00e0leg per a un \u00fas responsable de la IA 1. \u00das responsable i \u00e8tic Utilitza les eines d\u2019Intel\u00b7lig\u00e8ncia Artificial (IA) per aprendre i millorar, no per enganyar o copiar. Recorda que la IA \u00e9s una ajuda, [&hellip;]<\/p>\n","protected":false},"author":2,"featured_media":0,"parent":0,"menu_order":0,"comment_status":"closed","ping_status":"closed","template":"page-fullwidth.php","meta":{"footnotes":""},"class_list":["post-344","page","type-page","status-publish","hentry"],"_links":{"self":[{"href":"https:\/\/lluisrd.com\/TIC\/wp-json\/wp\/v2\/pages\/344","targetHints":{"allow":["GET"]}}],"collection":[{"href":"https:\/\/lluisrd.com\/TIC\/wp-json\/wp\/v2\/pages"}],"about":[{"href":"https:\/\/lluisrd.com\/TIC\/wp-json\/wp\/v2\/types\/page"}],"author":[{"embeddable":true,"href":"https:\/\/lluisrd.com\/TIC\/wp-json\/wp\/v2\/users\/2"}],"replies":[{"embeddable":true,"href":"https:\/\/lluisrd.com\/TIC\/wp-json\/wp\/v2\/comments?post=344"}],"version-history":[{"count":11,"href":"https:\/\/lluisrd.com\/TIC\/wp-json\/wp\/v2\/pages\/344\/revisions"}],"predecessor-version":[{"id":363,"href":"https:\/\/lluisrd.com\/TIC\/wp-json\/wp\/v2\/pages\/344\/revisions\/363"}],"wp:attachment":[{"href":"https:\/\/lluisrd.com\/TIC\/wp-json\/wp\/v2\/media?parent=344"}],"curies":[{"name":"wp","href":"https:\/\/api.w.org\/{rel}","templated":true}]}}