{"id":46,"date":"2015-01-05T14:59:06","date_gmt":"2015-01-05T14:59:06","guid":{"rendered":"https:\/\/lluisrd.com\/TIC\/?page_id=46"},"modified":"2020-04-19T20:39:34","modified_gmt":"2020-04-19T20:39:34","slug":"tic-nens","status":"publish","type":"page","link":"https:\/\/lluisrd.com\/TIC\/tic-nens\/","title":{"rendered":"<!--:ca-->TIC nenes\/ns<!--:--><!--:es-->TIC nin@s<!--:--><!--:en-->ICT kids<!--:-->"},"content":{"rendered":"<p><!--:ca--><\/p>\n<h1 class=\"wrapper\"><a href=\"https:\/\/lluisrd.com\/TIC\/wp-content\/uploads\/2015\/01\/nen-ordinador.jpg\"><img loading=\"lazy\" decoding=\"async\" class=\" size-full wp-image-48 alignright\" src=\"https:\/\/lluisrd.com\/TIC\/wp-content\/uploads\/2015\/01\/nen-ordinador.jpg\" alt=\"nen-ordinador\" width=\"590\" height=\"393\" srcset=\"https:\/\/lluisrd.com\/TIC\/wp-content\/uploads\/2015\/01\/nen-ordinador.jpg 590w, https:\/\/lluisrd.com\/TIC\/wp-content\/uploads\/2015\/01\/nen-ordinador-300x200.jpg 300w\" sizes=\"auto, (max-width: 590px) 100vw, 590px\" \/><\/a><\/h1>\n<h1 class=\"wrapper\">Codi cebern\u00e8tic per a nenes\/ns<\/h1>\n<div class=\"wrapper\"><\/div>\n<div class=\"wrapper\">Jo ______________ mare, pare o tutor de __________________ em comprometo a seguir el seg\u00fcent codi cibern\u00e8tic:<\/div>\n<div class=\"wrapper\"><\/div>\n<ol>\n<li class=\"wrapper\" style=\"padding-left: 30px;\">Tindr\u00e9 en compte que el que no est\u00e0 b\u00e9 en la vida real, no est\u00e0 b\u00e9 a internet.<\/li>\n<li class=\"wrapper\" style=\"padding-left: 30px; text-align: justify;\">Tractar\u00e9 els meus amics d\u2019internet de la mateixa manera que els meus amics de l\u2019escola i no permetr\u00e9 coses que no permeti als reals<\/li>\n<li class=\"wrapper\" style=\"padding-left: 30px; text-align: justify;\">Pensar\u00e9 en la informaci\u00f3 que vaig a compartir en els meus posts. No lliurar\u00e9 informaci\u00f3 a desconeguts a la xarxa. Si alg\u00fa em demana dades personals per Internet, abandonar\u00e9 la conversa amb aquesta persona.<\/li>\n<li class=\"wrapper\" style=\"padding-left: 30px; text-align: justify;\">Tinc present que parlar habitualment amb un desconegut a internet no el converteix en conegut. No quedar\u00e9 amb ning\u00fa que hagi conegut a internet , tret que vagi acompanyat amb un adult.<\/li>\n<li class=\"wrapper\" style=\"padding-left: 30px; text-align: justify;\">Quan escolliu el meu &#8220;nickname&#8221; no utilitzar\u00e9 el meu nom real. Triar\u00e9 un &#8220;nick&#8221; que no atregui l&#8217;atenci\u00f3 err\u00f2niament cap a mi.<\/li>\n<li class=\"wrapper\" style=\"padding-left: 30px; text-align: justify;\">Confiar\u00e9 al meu instint o sentit com\u00fa. Si alguna cosa em fa sentir inc\u00f2mode, abandonar\u00e9 aquesta conversa. Ignorar\u00e9 a aquesta persona o bloquejar\u00e9 seu contacte.<\/li>\n<li class=\"wrapper\" style=\"padding-left: 30px; text-align: justify;\">No romandr\u00e9 indiferent davant un assetjador a la xarxa. Si detecto que alg\u00fa mant\u00e9 aquest tipus de conductes d&#8217;assetjament, se les explicar\u00e9 als meus pares, a un professor o un adult de la meva confian\u00e7a.<\/li>\n<li class=\"wrapper\" style=\"padding-left: 30px;\">Guardar\u00e9 les converses del xat , ja que pot ser \u00fatil en cas que hi hagi algun problema.<\/li>\n<li class=\"wrapper\" style=\"padding-left: 30px; text-align: justify;\">Compartir\u00e9 amb els meus pares el que aprengui a internet, els llocs que visiti i les eines que utilitzi.<\/li>\n<li class=\"wrapper\" style=\"padding-left: 30px; text-align: justify;\">El millor filtre per internet que puguin facilitar meus pares \u00e9s l&#8217;<strong>educaci\u00f3<\/strong> que m&#8217;han donat, la qual em permet tenir un criteri sobre el que puc i el que no he de veure a la xarxa.<\/li>\n<\/ol>\n<p><!--:--><!--:es--><\/p>\n<h1 class=\"wrapper\"><a href=\"https:\/\/lluisrd.com\/TIC\/wp-content\/uploads\/2015\/01\/nen-ordinador.jpg\"><img loading=\"lazy\" decoding=\"async\" class=\" size-full wp-image-48 alignright\" src=\"https:\/\/lluisrd.com\/TIC\/wp-content\/uploads\/2015\/01\/nen-ordinador.jpg\" alt=\"nen-ordinador\" width=\"590\" height=\"393\" srcset=\"https:\/\/lluisrd.com\/TIC\/wp-content\/uploads\/2015\/01\/nen-ordinador.jpg 590w, https:\/\/lluisrd.com\/TIC\/wp-content\/uploads\/2015\/01\/nen-ordinador-300x200.jpg 300w\" sizes=\"auto, (max-width: 590px) 100vw, 590px\" \/><\/a><\/h1>\n<h1 class=\"wrapper\">C\u00f3digo cibern\u00e9tico para ni\u00f1@s<\/h1>\n<div class=\"wrapper\"><\/div>\n<div class=\"wrapper\">Jo ______________ mare, pare o tutor de __________________ em comprometo a seguir el seg\u00fcent codi cibern\u00e9tic:<\/div>\n<div class=\"wrapper\"><\/div>\n<ol>\n<li class=\"wrapper\" style=\"padding-left: 30px;\">Tendr\u00e9 en cuenta que lo que no est\u00e1 bien en la vida real no est\u00e1 bien en Internet.<\/li>\n<li class=\"wrapper\" style=\"padding-left: 30px; text-align: justify;\">Tratar\u00e9 a mis amigos de Internet de la misma manera que a mis amigos de la escuela y no permitir\u00e9 cosas que no permito a los reales.<\/li>\n<li class=\"wrapper\" style=\"padding-left: 30px; text-align: justify;\">Pensar\u00e9 en la informaci\u00f3n que compartir\u00e9 en mis publicaciones. No reportar\u00e9 informaci\u00f3n a extra\u00f1os en la red. Si alguien me solicita informaci\u00f3n personal en l\u00ednea, dejar\u00e9 la conversaci\u00f3n con esa persona<\/li>\n<li class=\"wrapper\" style=\"padding-left: 30px; text-align: justify;\">Recordar que hablar con un extra\u00f1o en Internet no lo convierte en un conocido. No saldr\u00e9 con nadie que haya conocido en Internet a menos que est\u00e9 acompa\u00f1ado por un adulto.<\/li>\n<li class=\"wrapper\" style=\"padding-left: 30px; text-align: justify;\">Al elegir mi &#8220;nickname&#8221; no usar\u00e9 mi nombre real. Elegir\u00e9 un nick que no atraiga la atenci\u00f3n equivocadamente hacia m\u00ed.<\/li>\n<li class=\"wrapper\" style=\"padding-left: 30px; text-align: justify;\">Confiar\u00e9 en mi instinto o sentido com\u00fan. Si algo me incomoda, dejar\u00e9 esta conversaci\u00f3n. Ignorar\u00e9 a esta persona o bloquear\u00e9 su contacto.<\/li>\n<li class=\"wrapper\" style=\"padding-left: 30px; text-align: justify;\">No permanecer\u00e9 indiferente a un acosador en la red. Si descubro que alguien me est\u00e1 acosando, se lo dir\u00e9 a mis padres, un maestro o un adulto en qu\u00e9 conf\u00edo.<\/li>\n<li class=\"wrapper\" style=\"padding-left: 30px;\">Guardar\u00e9 las conversaciones de chat, ya que puede ser \u00fatil en caso de cualquier problema.<\/li>\n<li class=\"wrapper\" style=\"padding-left: 30px; text-align: justify;\">Compartir\u00e9 con mis padres lo que aprendo en Internet, los sitios que visito y las herramientas que utilizo.<\/li>\n<li class=\"wrapper\" style=\"padding-left: 30px; text-align: justify;\">El mejor filtro de Internet que pueden proporcionar mis padres es la <strong> educaci\u00f3n <\/strong> que me han dado, lo que me permite opinar sobre lo que puedo y no debo ver en la red.\n<\/li>\n<\/ol>\n<p><!--:--><!--:en--><\/p>\n<h1 class=\"wrapper\"><a href=\"https:\/\/lluisrd.com\/TIC\/wp-content\/uploads\/2015\/01\/nen-ordinador.jpg\"><img loading=\"lazy\" decoding=\"async\" class=\" size-full wp-image-48 alignright\" src=\"https:\/\/lluisrd.com\/TIC\/wp-content\/uploads\/2015\/01\/nen-ordinador.jpg\" alt=\"nen-ordinador\" width=\"590\" height=\"393\" srcset=\"https:\/\/lluisrd.com\/TIC\/wp-content\/uploads\/2015\/01\/nen-ordinador.jpg 590w, https:\/\/lluisrd.com\/TIC\/wp-content\/uploads\/2015\/01\/nen-ordinador-300x200.jpg 300w\" sizes=\"auto, (max-width: 590px) 100vw, 590px\" \/><\/a><\/h1>\n<h1 class=\"wrapper\">Cyber \u200b\u200bcode for kids<\/h1>\n<div class=\"wrapper\"><\/div>\n<div class=\"wrapper\">I ______________ mom, dad or tutor of __________________ I promise to follow the following cyber code:<\/div>\n<div class=\"wrapper\"><\/div>\n<ol>\n<li class=\"wrapper\" style=\"padding-left: 30px;\">I will note that what&#8217;s not right in real life is not right on the internet.<\/li>\n<li class=\"wrapper\" style=\"padding-left: 30px; text-align: justify;\">I will treat my internet friends the same way as my school friends and I will not allow things that I do not allow the real ones<\/li>\n<li class=\"wrapper\" style=\"padding-left: 30px; text-align: justify;\">I will think about the information that I will share in my posts. I will not report information to strangers on the net. If someone asks me for personal information online, I will leave the conversation with that person<\/li>\n<li class=\"wrapper\" style=\"padding-left: 30px; text-align: justify;\">I keep in mind that talking to a stranger on the Internet does not make him known. I won&#8217;t hang out with anyone I&#8217;ve met on the internet unless I&#8217;m accompanied by an adult.<\/li>\n<li class=\"wrapper\" style=\"padding-left: 30px; text-align: justify;\">When choosing my &#8220;nickname&#8221; I will not use my real name. I will choose a &#8220;nickname&#8221; that does not attract the attention wrongly towards me.<\/li>\n<li class=\"wrapper\" style=\"padding-left: 30px; text-align: justify;\">I will trust my instinct or common sense. If anything makes me uncomfortable, I&#8217;ll leave this conversation. I will either ignore this person or block his contact.<\/li>\n<li class=\"wrapper\" style=\"padding-left: 30px; text-align: justify;\">I will not remain indifferent to a stalker on the net. If I find that someone is harassing myself, I will tell my parents, a teacher or an adult what I trust.<\/li>\n<li class=\"wrapper\" style=\"padding-left: 30px;\">I will save the chat conversations as it can be helpful in case of any issues.<\/li>\n<li class=\"wrapper\" style=\"padding-left: 30px; text-align: justify;\">I will share with my parents what I learn on the internet, the sites I visit and the tools I use.<\/li>\n<li class=\"wrapper\" style=\"padding-left: 30px; text-align: justify;\">The best internet filter my parents can provide is the <strong> education <\/strong> they have given me, which allows me to have a say in what I can and should not see on the net.<\/li>\n<\/ol>\n<p><!--:--><\/p>\n","protected":false},"excerpt":{"rendered":"<p>Codi cebern\u00e8tic per a nenes\/ns Jo ______________ mare, pare o tutor de __________________ em comprometo a seguir el seg\u00fcent codi cibern\u00e8tic: Tindr\u00e9 en compte que el que no est\u00e0 b\u00e9 en la vida real, no est\u00e0 b\u00e9 a internet. Tractar\u00e9 els meus amics d\u2019internet de la mateixa manera que els meus amics de l\u2019escola i [&hellip;]<\/p>\n","protected":false},"author":3,"featured_media":0,"parent":0,"menu_order":0,"comment_status":"closed","ping_status":"open","template":"page-fullwidth.php","meta":{"footnotes":""},"class_list":["post-46","page","type-page","status-publish","hentry"],"_links":{"self":[{"href":"https:\/\/lluisrd.com\/TIC\/wp-json\/wp\/v2\/pages\/46","targetHints":{"allow":["GET"]}}],"collection":[{"href":"https:\/\/lluisrd.com\/TIC\/wp-json\/wp\/v2\/pages"}],"about":[{"href":"https:\/\/lluisrd.com\/TIC\/wp-json\/wp\/v2\/types\/page"}],"author":[{"embeddable":true,"href":"https:\/\/lluisrd.com\/TIC\/wp-json\/wp\/v2\/users\/3"}],"replies":[{"embeddable":true,"href":"https:\/\/lluisrd.com\/TIC\/wp-json\/wp\/v2\/comments?post=46"}],"version-history":[{"count":20,"href":"https:\/\/lluisrd.com\/TIC\/wp-json\/wp\/v2\/pages\/46\/revisions"}],"predecessor-version":[{"id":183,"href":"https:\/\/lluisrd.com\/TIC\/wp-json\/wp\/v2\/pages\/46\/revisions\/183"}],"wp:attachment":[{"href":"https:\/\/lluisrd.com\/TIC\/wp-json\/wp\/v2\/media?parent=46"}],"curies":[{"name":"wp","href":"https:\/\/api.w.org\/{rel}","templated":true}]}}